{"id":4074,"date":"2022-10-14T13:53:40","date_gmt":"2022-10-14T13:53:40","guid":{"rendered":"https:\/\/curetrack-eu.ams1.wp-one.dev\/referenzen\/"},"modified":"2025-10-20T10:09:48","modified_gmt":"2025-10-20T10:09:48","slug":"referenzen","status":"publish","type":"page","link":"https:\/\/curetrack.eu\/de\/referenzen\/","title":{"rendered":"Referenzen"},"content":{"rendered":"<p><div class=\"fusion-fullwidth fullwidth-box fusion-builder-row-1 fusion-flex-container has-pattern-background has-mask-background nonhundred-percent-fullwidth non-hundred-percent-height-scrolling\" style=\"--awb-border-radius-top-left:0px;--awb-border-radius-top-right:0px;--awb-border-radius-bottom-right:0px;--awb-border-radius-bottom-left:0px;--awb-margin-top:110px;--awb-flex-wrap:wrap;\" ><div class=\"fusion-builder-row fusion-row fusion-flex-align-items-flex-start fusion-flex-justify-content-center fusion-flex-content-wrap\" style=\"max-width:1372.8px;margin-left: calc(-4% \/ 2 );margin-right: calc(-4% \/ 2 );\"><div class=\"fusion-layout-column fusion_builder_column fusion-builder-column-0 fusion_builder_column_3_5 3_5 fusion-flex-column\" style=\"--awb-bg-size:cover;--awb-width-large:60%;--awb-margin-top-large:0px;--awb-spacing-right-large:3.2%;--awb-margin-bottom-large:0px;--awb-spacing-left-large:3.2%;--awb-width-medium:60%;--awb-order-medium:0;--awb-spacing-right-medium:3.2%;--awb-spacing-left-medium:3.2%;--awb-width-small:100%;--awb-order-small:0;--awb-spacing-right-small:1.92%;--awb-spacing-left-small:1.92%;\"><div class=\"fusion-column-wrapper fusion-column-has-shadow fusion-flex-justify-content-flex-start fusion-content-layout-column\"><div class=\"fusion-title title fusion-title-1 fusion-sep-none fusion-title-text fusion-title-size-two\"><h2 class=\"fusion-title-heading title-heading-left\" style=\"margin:0;\">Praxisbeispiele<\/h2><\/div><div class=\"fusion-text fusion-text-1 fusion-text-no-margin\" style=\"--awb-content-alignment:left;--awb-margin-top:15px;--awb-margin-bottom:60px;\"><p data-start=\"79\" data-end=\"119\"><strong data-start=\"79\" data-end=\"119\">Praxisnachweis: CureTrack im Einsatz<\/strong><\/p>\n<p data-start=\"121\" data-end=\"395\">CureTrack wird t\u00e4glich in verschiedenen Gesundheitseinrichtungen sowie von f\u00fchrenden Facility-Dienstleistern in ganz Europa eingesetzt.<br data-start=\"256\" data-end=\"259\" \/>Die Ergebnisse sprechen f\u00fcr sich: bessere Unterst\u00fctzung f\u00fcr Pflegekr\u00e4fte, nachweisbare Qualit\u00e4t und h\u00f6here Effizienz f\u00fcr Facility-Teams.<\/p>\n<p data-start=\"397\" data-end=\"462\">Entdecken Sie, wie CureTrack in der Praxis den Unterschied macht.<\/p>\n<\/div><div class=\"fusion-title title fusion-title-2 fusion-sep-none fusion-title-text fusion-title-size-five\"><h5 class=\"fusion-title-heading title-heading-left\" style=\"margin:0;\">Konkrete Ergebnisse aus der Praxis<\/h5><\/div><div class=\"fusion-text fusion-text-2\"><p data-start=\"464\" data-end=\"678\">Jeder Pflegeprozess ist einzigartig \u2013 doch die Herausforderungen \u00e4hneln sich h\u00e4ufig: hoher Arbeitsdruck, strenge Hygieneanforderungen, begrenzte Ressourcen und enge Budgets.<\/p>\n<p data-start=\"680\" data-end=\"821\">Nachfolgend finden Sie einige Beispiele daf\u00fcr, wie CureTrack in der Praxis eingesetzt wird, um diesen Herausforderungen effektiv zu begegnen.<\/p>\n<\/div><div class=\"fusion-separator fusion-full-width-sep\" style=\"align-self: center;margin-left: auto;margin-right: auto;margin-top:30px;margin-bottom:30px;width:100%;\"><div class=\"fusion-separator-border sep-double\" style=\"--awb-height:20px;--awb-amount:20px;border-color:var(--awb-color3);border-top-width:1px;border-bottom-width:1px;\"><\/div><\/div><\/div><\/div><\/div><\/div><div class=\"fusion-fullwidth fullwidth-box fusion-builder-row-2 fusion-flex-container has-pattern-background has-mask-background nonhundred-percent-fullwidth non-hundred-percent-height-scrolling\" style=\"--awb-border-radius-top-left:0px;--awb-border-radius-top-right:0px;--awb-border-radius-bottom-right:0px;--awb-border-radius-bottom-left:0px;--awb-flex-wrap:wrap;\" ><div class=\"fusion-builder-row fusion-row fusion-flex-align-items-flex-start fusion-flex-content-wrap\" style=\"max-width:1372.8px;margin-left: calc(-4% \/ 2 );margin-right: calc(-4% \/ 2 );\"><div class=\"fusion-layout-column fusion_builder_column fusion-builder-column-1 fusion_builder_column_1_2 1_2 fusion-flex-column\" style=\"--awb-bg-size:cover;--awb-width-large:50%;--awb-margin-top-large:0px;--awb-spacing-right-large:3.84%;--awb-margin-bottom-large:20px;--awb-spacing-left-large:3.84%;--awb-width-medium:50%;--awb-order-medium:0;--awb-spacing-right-medium:3.84%;--awb-spacing-left-medium:3.84%;--awb-width-small:100%;--awb-order-small:0;--awb-spacing-right-small:1.92%;--awb-spacing-left-small:1.92%;\"><div class=\"fusion-column-wrapper fusion-column-has-shadow fusion-flex-justify-content-flex-start fusion-content-layout-column\"><div class=\"fusion-image-element \" style=\"--awb-caption-title-font-family:var(--h2_typography-font-family);--awb-caption-title-font-weight:var(--h2_typography-font-weight);--awb-caption-title-font-style:var(--h2_typography-font-style);--awb-caption-title-size:var(--h2_typography-font-size);--awb-caption-title-transform:var(--h2_typography-text-transform);--awb-caption-title-line-height:var(--h2_typography-line-height);--awb-caption-title-letter-spacing:var(--h2_typography-letter-spacing);\"><span class=\" fusion-imageframe imageframe-none imageframe-1 hover-type-none\"><img decoding=\"async\" width=\"2560\" height=\"1709\" title=\"Covid-19.,Female,Nurse,Puts,On,Protective,Gloves.,Personal,Protective,Equipment\" src=\"https:\/\/curetrack.eu\/wp-content\/uploads\/2025\/09\/shutterstock_1680760828-scaled.jpg\" data-orig-src=\"https:\/\/curetrack.eu\/wp-content\/uploads\/2025\/09\/shutterstock_1680760828-scaled.jpg\" alt class=\"lazyload img-responsive wp-image-4695\" srcset=\"data:image\/svg+xml,%3Csvg%20xmlns%3D%27http%3A%2F%2Fwww.w3.org%2F2000%2Fsvg%27%20width%3D%272560%27%20height%3D%271709%27%20viewBox%3D%270%200%202560%201709%27%3E%3Crect%20width%3D%272560%27%20height%3D%271709%27%20fill-opacity%3D%220%22%2F%3E%3C%2Fsvg%3E\" data-srcset=\"https:\/\/curetrack.eu\/wp-content\/uploads\/2025\/09\/shutterstock_1680760828-200x134.jpg 200w, https:\/\/curetrack.eu\/wp-content\/uploads\/2025\/09\/shutterstock_1680760828-400x267.jpg 400w, https:\/\/curetrack.eu\/wp-content\/uploads\/2025\/09\/shutterstock_1680760828-600x401.jpg 600w, https:\/\/curetrack.eu\/wp-content\/uploads\/2025\/09\/shutterstock_1680760828-800x534.jpg 800w, https:\/\/curetrack.eu\/wp-content\/uploads\/2025\/09\/shutterstock_1680760828-1200x801.jpg 1200w, https:\/\/curetrack.eu\/wp-content\/uploads\/2025\/09\/shutterstock_1680760828-scaled.jpg 2560w\" data-sizes=\"auto\" data-orig-sizes=\"(max-width: 850px) 100vw, 800px\" \/><\/span><\/div><\/div><\/div><div class=\"fusion-layout-column fusion_builder_column fusion-builder-column-2 fusion_builder_column_1_2 1_2 fusion-flex-column\" style=\"--awb-bg-size:cover;--awb-width-large:50%;--awb-margin-top-large:0px;--awb-spacing-right-large:3.84%;--awb-margin-bottom-large:20px;--awb-spacing-left-large:3.84%;--awb-width-medium:50%;--awb-order-medium:0;--awb-spacing-right-medium:3.84%;--awb-spacing-left-medium:3.84%;--awb-width-small:100%;--awb-order-small:0;--awb-spacing-right-small:1.92%;--awb-spacing-left-small:1.92%;\"><div class=\"fusion-column-wrapper fusion-column-has-shadow fusion-flex-justify-content-flex-start fusion-content-layout-column\"><div class=\"fusion-title title fusion-title-3 fusion-sep-none fusion-title-text fusion-title-size-five\"><h5 class=\"fusion-title-heading title-heading-left\" style=\"margin:0;\">Praxisbeispiel 1: Infektionspr\u00e4vention<\/h5><\/div><div class=\"fusion-text fusion-text-3\"><p data-start=\"60\" data-end=\"165\"><strong data-start=\"105\" data-end=\"165\">Besserer \u00dcberblick \u00fcber Hygiene und Infektionspr\u00e4vention<\/strong><\/p>\n<p data-start=\"167\" data-end=\"505\"><strong data-start=\"167\" data-end=\"181\">Situation:<\/strong><br data-start=\"181\" data-end=\"184\" \/>Ein Krankenhaus hatte Schwierigkeiten, Hygienema\u00dfnahmen und Infektionspr\u00e4ventionsprozesse konsequent und nachweisbar umzusetzen.<br data-start=\"312\" data-end=\"315\" \/>Aufgrund fragmentierter Kommunikation und mangelnder Echtzeiteinblicke war es f\u00fcr Pflegekr\u00e4fte und das Facility-Management schwierig sicherzustellen, dass alle Protokolle eingehalten wurden.<\/p>\n<p data-start=\"507\" data-end=\"612\"><strong data-start=\"507\" data-end=\"518\">L\u00f6sung:<\/strong><br data-start=\"518\" data-end=\"521\" \/>CureTrack vereinte alle Reinigungs- und Desinfektionsaufgaben in einer zentralen Plattform.<\/p>\n<ul>\n<li data-start=\"616\" data-end=\"671\">Automatische Planung und Protokollierung von Aufgaben<\/li>\n<li data-start=\"674\" data-end=\"750\">Sofortige Benachrichtigungen bei Abweichungen oder ausgelassenen Schritten<\/li>\n<li data-start=\"753\" data-end=\"813\">\u00dcbersichtliche Berichte f\u00fcr Audits und Qualit\u00e4tskontrollen<\/li>\n<\/ul>\n<p><strong data-start=\"815\" data-end=\"828\">Ergebnis:<\/strong><\/p>\n<ul>\n<li>+40 % bessere Einhaltung von Hygieneprotokollen<\/li>\n<li>Weniger Zwischenf\u00e4lle im Bereich Infektionspr\u00e4vention<\/li>\n<li>Geringerer administrativer Aufwand f\u00fcr Pflegekr\u00e4fte<\/li>\n<li>Facility-Dienstleister k\u00f6nnen nun nachweisen, dass Protokolle eingehalten werden, und sich innerhalb der Organisation positiv differenzieren.<\/li>\n<\/ul>\n<\/div><\/div><\/div><\/div><\/div><div class=\"fusion-fullwidth fullwidth-box fusion-builder-row-3 fusion-flex-container has-pattern-background has-mask-background nonhundred-percent-fullwidth non-hundred-percent-height-scrolling\" style=\"--awb-border-radius-top-left:0px;--awb-border-radius-top-right:0px;--awb-border-radius-bottom-right:0px;--awb-border-radius-bottom-left:0px;--awb-flex-wrap:wrap;\" ><div class=\"fusion-builder-row fusion-row fusion-flex-align-items-flex-start fusion-flex-content-wrap\" style=\"max-width:1372.8px;margin-left: calc(-4% \/ 2 );margin-right: calc(-4% \/ 2 );\"><div class=\"fusion-layout-column fusion_builder_column fusion-builder-column-3 fusion_builder_column_1_2 1_2 fusion-flex-column\" style=\"--awb-bg-size:cover;--awb-width-large:50%;--awb-margin-top-large:0px;--awb-spacing-right-large:3.84%;--awb-margin-bottom-large:20px;--awb-spacing-left-large:3.84%;--awb-width-medium:50%;--awb-order-medium:0;--awb-spacing-right-medium:3.84%;--awb-spacing-left-medium:3.84%;--awb-width-small:100%;--awb-order-small:0;--awb-spacing-right-small:1.92%;--awb-spacing-left-small:1.92%;\"><div class=\"fusion-column-wrapper fusion-column-has-shadow fusion-flex-justify-content-flex-start fusion-content-layout-column\"><div class=\"fusion-image-element \" style=\"--awb-caption-title-font-family:var(--h2_typography-font-family);--awb-caption-title-font-weight:var(--h2_typography-font-weight);--awb-caption-title-font-style:var(--h2_typography-font-style);--awb-caption-title-size:var(--h2_typography-font-size);--awb-caption-title-transform:var(--h2_typography-text-transform);--awb-caption-title-line-height:var(--h2_typography-line-height);--awb-caption-title-letter-spacing:var(--h2_typography-letter-spacing);\"><span class=\" fusion-imageframe imageframe-none imageframe-2 hover-type-none\"><img decoding=\"async\" width=\"2560\" height=\"1706\" title=\"Hospital,Bed,With,A,Pillow,In,Intensive,Care,Unit,Is\" src=\"https:\/\/curetrack.eu\/wp-content\/uploads\/2025\/09\/shutterstock_2101917112-scaled.jpg\" data-orig-src=\"https:\/\/curetrack.eu\/wp-content\/uploads\/2025\/09\/shutterstock_2101917112-scaled.jpg\" alt class=\"lazyload img-responsive wp-image-4698\" srcset=\"data:image\/svg+xml,%3Csvg%20xmlns%3D%27http%3A%2F%2Fwww.w3.org%2F2000%2Fsvg%27%20width%3D%272560%27%20height%3D%271706%27%20viewBox%3D%270%200%202560%201706%27%3E%3Crect%20width%3D%272560%27%20height%3D%271706%27%20fill-opacity%3D%220%22%2F%3E%3C%2Fsvg%3E\" data-srcset=\"https:\/\/curetrack.eu\/wp-content\/uploads\/2025\/09\/shutterstock_2101917112-200x133.jpg 200w, https:\/\/curetrack.eu\/wp-content\/uploads\/2025\/09\/shutterstock_2101917112-400x267.jpg 400w, https:\/\/curetrack.eu\/wp-content\/uploads\/2025\/09\/shutterstock_2101917112-600x400.jpg 600w, https:\/\/curetrack.eu\/wp-content\/uploads\/2025\/09\/shutterstock_2101917112-800x533.jpg 800w, https:\/\/curetrack.eu\/wp-content\/uploads\/2025\/09\/shutterstock_2101917112-1200x800.jpg 1200w, https:\/\/curetrack.eu\/wp-content\/uploads\/2025\/09\/shutterstock_2101917112-scaled.jpg 2560w\" data-sizes=\"auto\" data-orig-sizes=\"(max-width: 850px) 100vw, 800px\" \/><\/span><\/div><\/div><\/div><div class=\"fusion-layout-column fusion_builder_column fusion-builder-column-4 fusion_builder_column_1_2 1_2 fusion-flex-column\" style=\"--awb-bg-size:cover;--awb-width-large:50%;--awb-margin-top-large:0px;--awb-spacing-right-large:3.84%;--awb-margin-bottom-large:20px;--awb-spacing-left-large:3.84%;--awb-width-medium:50%;--awb-order-medium:0;--awb-spacing-right-medium:3.84%;--awb-spacing-left-medium:3.84%;--awb-width-small:100%;--awb-order-small:0;--awb-spacing-right-small:1.92%;--awb-spacing-left-small:1.92%;\"><div class=\"fusion-column-wrapper fusion-column-has-shadow fusion-flex-justify-content-flex-start fusion-content-layout-column\"><div class=\"fusion-title title fusion-title-4 fusion-sep-none fusion-title-text fusion-title-size-five\"><h5 class=\"fusion-title-heading title-heading-left\" style=\"margin:0;\">Praxisbeispiel 2: Effizienteres Ressourcenmanagement<\/h5><\/div><div class=\"fusion-text fusion-text-4\"><p data-start=\"60\" data-end=\"165\"><strong data-start=\"119\" data-end=\"165\">Stets saubere und verf\u00fcgbare Arbeitsmittel<\/strong><\/p>\n<p data-start=\"167\" data-end=\"435\"><strong data-start=\"167\" data-end=\"181\">Situation:<\/strong><br data-start=\"181\" data-end=\"184\" \/>In mehreren Krankenhausabteilungen gingen medizinische Ger\u00e4te regelm\u00e4\u00dfig verloren oder waren nicht sauber und einsatzbereit.<br data-start=\"308\" data-end=\"311\" \/>Dies f\u00fchrte zu Verz\u00f6gerungen, Stress bei Pflegekr\u00e4ften sowie h\u00f6heren Kosten durch Notbestellungen und Materialverschwendung.<\/p>\n<p data-start=\"437\" data-end=\"567\"><strong data-start=\"437\" data-end=\"448\">L\u00f6sung:<\/strong><br data-start=\"448\" data-end=\"451\" \/>Mit CureTrack wurde der gesamte Prozess der Reinigung, Kontrolle und Verf\u00fcgbarkeit von Arbeitsmitteln digitalisiert:<\/p>\n<ul>\n<li data-start=\"571\" data-end=\"647\">Nachvollziehbarkeit jedes einzelnen Ger\u00e4ts \u2013 vom Einsatz bis zur Reinigung<\/li>\n<li data-start=\"650\" data-end=\"737\">Automatische Benachrichtigungen, wenn ein Ger\u00e4t verf\u00fcgbar oder nicht einsatzf\u00e4hig ist<\/li>\n<li data-start=\"740\" data-end=\"792\">Echtzeit-Einblick in Best\u00e4nde und Reinigungsstatus<\/li>\n<\/ul>\n<p><strong data-start=\"794\" data-end=\"807\">Ergebnis:<\/strong><\/p>\n<ul>\n<li>-25 % weniger Verschwendung durch optimiertes Bestandsmanagement<\/li>\n<li>Stets saubere, gepr\u00fcfte Ger\u00e4te verf\u00fcgbar<\/li>\n<li>Weniger Stress und Zeitverlust f\u00fcr Pflegekr\u00e4fte<\/li>\n<li>Niedrigere Betriebskosten f\u00fcr den Facility-Dienstleister<\/li>\n<\/ul>\n<\/div><\/div><\/div><\/div><\/div><div class=\"fusion-fullwidth fullwidth-box fusion-builder-row-4 fusion-flex-container has-pattern-background has-mask-background nonhundred-percent-fullwidth non-hundred-percent-height-scrolling\" style=\"--awb-border-radius-top-left:0px;--awb-border-radius-top-right:0px;--awb-border-radius-bottom-right:0px;--awb-border-radius-bottom-left:0px;--awb-flex-wrap:wrap;\" ><div class=\"fusion-builder-row fusion-row fusion-flex-align-items-flex-start fusion-flex-content-wrap\" style=\"max-width:1372.8px;margin-left: calc(-4% \/ 2 );margin-right: calc(-4% \/ 2 );\"><div class=\"fusion-layout-column fusion_builder_column fusion-builder-column-5 fusion_builder_column_1_2 1_2 fusion-flex-column\" style=\"--awb-bg-size:cover;--awb-width-large:50%;--awb-margin-top-large:0px;--awb-spacing-right-large:3.84%;--awb-margin-bottom-large:20px;--awb-spacing-left-large:3.84%;--awb-width-medium:50%;--awb-order-medium:0;--awb-spacing-right-medium:3.84%;--awb-spacing-left-medium:3.84%;--awb-width-small:100%;--awb-order-small:0;--awb-spacing-right-small:1.92%;--awb-spacing-left-small:1.92%;\"><div class=\"fusion-column-wrapper fusion-column-has-shadow fusion-flex-justify-content-flex-start fusion-content-layout-column\"><div class=\"fusion-image-element \" style=\"--awb-caption-title-font-family:var(--h2_typography-font-family);--awb-caption-title-font-weight:var(--h2_typography-font-weight);--awb-caption-title-font-style:var(--h2_typography-font-style);--awb-caption-title-size:var(--h2_typography-font-size);--awb-caption-title-transform:var(--h2_typography-text-transform);--awb-caption-title-line-height:var(--h2_typography-line-height);--awb-caption-title-letter-spacing:var(--h2_typography-letter-spacing);\"><span class=\" fusion-imageframe imageframe-none imageframe-3 hover-type-none\"><img decoding=\"async\" width=\"2560\" height=\"1707\" title=\"Hands,In,Medical,Gloves,Greeting,Each,Other,With,Fist,Bump\" src=\"https:\/\/curetrack.eu\/wp-content\/uploads\/2025\/09\/shutterstock_1712687401-scaled.jpg\" data-orig-src=\"https:\/\/curetrack.eu\/wp-content\/uploads\/2025\/09\/shutterstock_1712687401-scaled.jpg\" alt class=\"lazyload img-responsive wp-image-4701\" srcset=\"data:image\/svg+xml,%3Csvg%20xmlns%3D%27http%3A%2F%2Fwww.w3.org%2F2000%2Fsvg%27%20width%3D%272560%27%20height%3D%271707%27%20viewBox%3D%270%200%202560%201707%27%3E%3Crect%20width%3D%272560%27%20height%3D%271707%27%20fill-opacity%3D%220%22%2F%3E%3C%2Fsvg%3E\" data-srcset=\"https:\/\/curetrack.eu\/wp-content\/uploads\/2025\/09\/shutterstock_1712687401-200x133.jpg 200w, https:\/\/curetrack.eu\/wp-content\/uploads\/2025\/09\/shutterstock_1712687401-400x267.jpg 400w, https:\/\/curetrack.eu\/wp-content\/uploads\/2025\/09\/shutterstock_1712687401-600x400.jpg 600w, https:\/\/curetrack.eu\/wp-content\/uploads\/2025\/09\/shutterstock_1712687401-800x533.jpg 800w, https:\/\/curetrack.eu\/wp-content\/uploads\/2025\/09\/shutterstock_1712687401-1200x800.jpg 1200w, https:\/\/curetrack.eu\/wp-content\/uploads\/2025\/09\/shutterstock_1712687401-scaled.jpg 2560w\" data-sizes=\"auto\" data-orig-sizes=\"(max-width: 850px) 100vw, 800px\" \/><\/span><\/div><\/div><\/div><div class=\"fusion-layout-column fusion_builder_column fusion-builder-column-6 fusion_builder_column_1_2 1_2 fusion-flex-column\" style=\"--awb-bg-size:cover;--awb-width-large:50%;--awb-margin-top-large:0px;--awb-spacing-right-large:3.84%;--awb-margin-bottom-large:20px;--awb-spacing-left-large:3.84%;--awb-width-medium:50%;--awb-order-medium:0;--awb-spacing-right-medium:3.84%;--awb-spacing-left-medium:3.84%;--awb-width-small:100%;--awb-order-small:0;--awb-spacing-right-small:1.92%;--awb-spacing-left-small:1.92%;\"><div class=\"fusion-column-wrapper fusion-column-has-shadow fusion-flex-justify-content-flex-start fusion-content-layout-column\"><div class=\"fusion-title title fusion-title-5 fusion-sep-none fusion-title-text fusion-title-size-five\"><h5 class=\"fusion-title-heading title-heading-left\" style=\"margin:0;\">Praxisbeispiel 3: Eine neue Form der Zusammenarbeit<\/h5><\/div><div class=\"fusion-text fusion-text-5\"><p data-start=\"58\" data-end=\"174\"><strong data-start=\"116\" data-end=\"174\">Von einzelnen Aufgaben zu strategischer Dienstleistung<\/strong><\/p>\n<p data-start=\"176\" data-end=\"491\"><strong data-start=\"176\" data-end=\"190\">Situation:<\/strong><br data-start=\"190\" data-end=\"193\" \/>Ein Facility-Dienstleister arbeitete mit einem traditionellen Vertragsmodell, bei dem Aufgaben und Stunden im Mittelpunkt standen.<br data-start=\"323\" data-end=\"326\" \/>Dies f\u00fchrte zu Diskussionen \u00fcber Qualit\u00e4t, mangelnde Transparenz und geringer Flexibilit\u00e4t, um auf sich \u00e4ndernde Anforderungen des Krankenhauses reagieren zu k\u00f6nnen.<\/p>\n<p data-start=\"493\" data-end=\"594\"><strong data-start=\"493\" data-end=\"504\">L\u00f6sung:<\/strong><br data-start=\"504\" data-end=\"507\" \/>Durch den Einsatz von CureTrack wurden alle Prozesse transparent und messbar gestaltet:<\/p>\n<ul>\n<li data-start=\"598\" data-end=\"684\">Aufgaben und Leistungen sind in Echtzeit f\u00fcr Einrichtung und Dienstleister einsehbar<\/li>\n<li data-start=\"687\" data-end=\"758\">Steuerung auf Basis von Ergebnissen und Qualit\u00e4t statt Stundenaufwand<\/li>\n<li data-start=\"761\" data-end=\"832\">Bessere Zusammenarbeit durch klare Daten und aussagekr\u00e4ftige Berichte<\/li>\n<\/ul>\n<p data-start=\"834\" data-end=\"1096\"><strong data-start=\"834\" data-end=\"847\">Ergebnis:<\/strong><\/p>\n<ul>\n<li data-start=\"834\" data-end=\"1096\">+30 % h\u00f6here Zufriedenheit bei Pflegeteams<\/li>\n<li data-start=\"834\" data-end=\"1096\">Der Facility-Dienstleister kann seinen strategischen Mehrwert nachweisen und sich bei neuen Ausschreibungen differenzieren<\/li>\n<li data-start=\"834\" data-end=\"1096\">Mehr Fokus auf Pr\u00e4vention und Qualit\u00e4t \u2013 weniger Reaktion auf akute Probleme<\/li>\n<\/ul>\n<\/div><\/div><\/div><\/div><\/div><\/p>\n","protected":false},"excerpt":{"rendered":"","protected":false},"author":1,"featured_media":0,"parent":0,"menu_order":0,"comment_status":"closed","ping_status":"closed","template":"","meta":{"footnotes":""},"class_list":["post-4074","page","type-page","status-publish","hentry"],"_links":{"self":[{"href":"https:\/\/curetrack.eu\/de\/wp-json\/wp\/v2\/pages\/4074","targetHints":{"allow":["GET"]}}],"collection":[{"href":"https:\/\/curetrack.eu\/de\/wp-json\/wp\/v2\/pages"}],"about":[{"href":"https:\/\/curetrack.eu\/de\/wp-json\/wp\/v2\/types\/page"}],"author":[{"embeddable":true,"href":"https:\/\/curetrack.eu\/de\/wp-json\/wp\/v2\/users\/1"}],"replies":[{"embeddable":true,"href":"https:\/\/curetrack.eu\/de\/wp-json\/wp\/v2\/comments?post=4074"}],"version-history":[{"count":12,"href":"https:\/\/curetrack.eu\/de\/wp-json\/wp\/v2\/pages\/4074\/revisions"}],"predecessor-version":[{"id":4900,"href":"https:\/\/curetrack.eu\/de\/wp-json\/wp\/v2\/pages\/4074\/revisions\/4900"}],"wp:attachment":[{"href":"https:\/\/curetrack.eu\/de\/wp-json\/wp\/v2\/media?parent=4074"}],"curies":[{"name":"wp","href":"https:\/\/api.w.org\/{rel}","templated":true}]}}